{"id":105,"date":"2021-08-06T13:58:36","date_gmt":"2021-08-06T11:58:36","guid":{"rendered":"http:\/\/hypeinevent.fr\/?page_id=105"},"modified":"2022-03-17T15:17:37","modified_gmt":"2022-03-17T14:17:37","slug":"a-propos","status":"publish","type":"page","link":"https:\/\/hypeinevent.fr\/index.php\/a-propos\/","title":{"rendered":"A PROPOS"},"content":{"rendered":"<div class=\"style-629 style-local-105-c1 position-relative\" data-colibri-id=\"105-c1\">\n<div id=\"custom\" class=\"h-section h-section-global-spacing d-flex align-items-lg-center align-items-md-center align-items-center style-634 style-local-105-c2 position-relative\" data-colibri-component=\"section\" data-colibri-id=\"105-c2\">\n<div class=\"h-section-grid-container h-section-boxed-container\">\n<div class=\"h-row-container gutters-row-lg-2 gutters-row-md-2 gutters-row-0 gutters-row-v-lg-2 gutters-row-v-md-2 gutters-row-v-2 style-638 style-local-105-c3 position-relative\" data-colibri-id=\"105-c3\">\n<div class=\"h-row justify-content-lg-center justify-content-md-center justify-content-center align-items-lg-stretch align-items-md-stretch align-items-stretch gutters-col-lg-2 gutters-col-md-2 gutters-col-0 gutters-col-v-lg-2 gutters-col-v-md-2 gutters-col-v-2\">\n<div class=\"h-column h-column-container d-flex h-col-lg-auto h-col-md-auto h-col-auto style-639-outer style-local-105-c4-outer\">\n<div class=\"d-flex h-flex-basis h-column__inner h-px-lg-2 h-px-md-2 h-px-2 v-inner-lg-2 v-inner-md-2 v-inner-2 style-639 style-local-105-c4 position-relative\" data-colibri-id=\"105-c4\">\n<div class=\"w-100 h-y-container h-column__content h-column__v-align flex-basis-100 align-self-lg-start align-self-md-start align-self-start\">\n<div class=\"h-text h-text-component style-640 style-local-105-c5 position-relative h-element\" data-colibri-id=\"105-c5\">\n<div class=\"\">\n<p><span style=\"color: #1e1e1e; font-family: 'Noto Serif', serif;\">HypeIn est une agence \u00e9v\u00e9nementielle sp\u00e9cialis\u00e9e dans la mise en sc\u00e8ne artistique et sonore. Nous proposons une large gamme de services pour professionnel et particulier. Chaque \u00e9v\u00e9nement est unique, une \u0153uvre dans laquelle plusieurs artistes s\u2019associent.<\/span><\/p>\n<p><span style=\"color: #1e1e1e; font-family: 'Noto Serif', serif;\">Nous sommes \u00e0 votre disposition pour vous rencontrer et vous accompagner dans la cr\u00e9ation de vos \u00e9v\u00e9nements.<\/span><\/p>\n<\/div>\n<\/div>\n<\/div>\n<\/div>\n<\/div>\n<\/div>\n<\/div>\n<\/div>\n<\/div>\n<div id=\"custom-2\" class=\"h-section h-section-global-spacing d-flex align-items-lg-center align-items-md-center align-items-center style-644 style-local-105-c6 position-relative\" data-colibri-component=\"section\" data-colibri-id=\"105-c6\">\n<div class=\"h-section-grid-container h-section-boxed-container\">\n<div class=\"h-row-container gutters-row-lg-2 gutters-row-md-2 gutters-row-0 gutters-row-v-lg-2 gutters-row-v-md-2 gutters-row-v-2 style-647 style-local-105-c7 position-relative\" data-colibri-id=\"105-c7\">\n<div class=\"h-row justify-content-lg-center justify-content-md-center justify-content-center align-items-lg-stretch align-items-md-stretch align-items-stretch gutters-col-lg-2 gutters-col-md-2 gutters-col-0 gutters-col-v-lg-2 gutters-col-v-md-2 gutters-col-v-2\">\n<div class=\"h-column h-column-container d-flex h-col-lg-auto h-col-md-auto h-col-auto style-648-outer style-local-105-c8-outer\">\n<div class=\"d-flex h-flex-basis h-column__inner h-px-lg-2 h-px-md-2 h-px-2 v-inner-lg-2 v-inner-md-2 v-inner-2 style-648 style-local-105-c8 position-relative\" data-colibri-id=\"105-c8\">\n<div class=\"w-100 h-y-container h-column__content h-column__v-align flex-basis-100 align-self-lg-start align-self-md-start align-self-start\">\n<div class=\"d-block style-649 style-local-105-c9 position-relative h-element\" data-colibri-id=\"105-c9\">\n<div class=\"h-image__frame-container-outer\">\n<div class=\"h-image__frame-container\">\n<p><img loading=\"lazy\" class=\"wp-image-943 style-649-image style-local-105-c9-image aligncenter\" src=\"http:\/\/hypeinevent.fr\/wp-content\/uploads\/2021\/08\/cropped-cropped-particulier-white-5-1.jpg\" width=\"501\" height=\"500\" srcset=\"https:\/\/hypeinevent.fr\/wp-content\/uploads\/2021\/08\/cropped-cropped-particulier-white-5-1.jpg 998w, https:\/\/hypeinevent.fr\/wp-content\/uploads\/2021\/08\/cropped-cropped-particulier-white-5-1-300x300.jpg 300w, https:\/\/hypeinevent.fr\/wp-content\/uploads\/2021\/08\/cropped-cropped-particulier-white-5-1-150x150.jpg 150w, https:\/\/hypeinevent.fr\/wp-content\/uploads\/2021\/08\/cropped-cropped-particulier-white-5-1-768x766.jpg 768w\" sizes=\"(max-width: 501px) 100vw, 501px\" \/><\/div>\n<\/div>\n<\/div>\n<div class=\"h-text h-text-component style-650 style-local-105-c10 position-relative h-element\" data-colibri-id=\"105-c10\">\n<div class=\"\">\n<p style=\"text-align: center;\">Simplicit\u00e9 &amp; \u00e9l\u00e9gance<\/p>\n<\/div>\n<\/div>\n<\/div>\n<\/div>\n<\/div>\n<\/div>\n<\/div>\n<div class=\"h-row-container gutters-row-lg-2 gutters-row-md-2 gutters-row-0 gutters-row-v-lg-2 gutters-row-v-md-2 gutters-row-v-2 style-645 style-local-105-c11 position-relative\" data-colibri-id=\"105-c11\">\n<div class=\"h-row justify-content-lg-center justify-content-md-center justify-content-center align-items-lg-stretch align-items-md-stretch align-items-stretch gutters-col-lg-2 gutters-col-md-2 gutters-col-0 gutters-col-v-lg-2 gutters-col-v-md-2 gutters-col-v-2\">\n<div class=\"h-column h-column-container d-flex h-col-lg-auto h-col-md-auto h-col-auto style-646-outer style-local-105-c12-outer\">\n<div class=\"d-flex h-flex-basis h-column__inner h-px-lg-2 h-px-md-2 h-px-2 v-inner-lg-2 v-inner-md-2 v-inner-2 style-646 style-local-105-c12 position-relative\" data-colibri-id=\"105-c12\">\n<div class=\"w-100 h-y-container h-column__content h-column__v-align flex-basis-100 align-self-lg-start align-self-md-start align-self-start\">\n<div class=\"d-block style-651 style-local-105-c13 position-relative h-element\" data-colibri-id=\"105-c13\">\n<div class=\"h-image__frame-container-outer\">\n<div class=\"h-image__frame-container\">\n<img loading=\"lazy\" class=\"wp-image-927 style-651-image style-local-105-c13-image aligncenter\" src=\"http:\/\/hypeinevent.fr\/wp-content\/uploads\/2021\/08\/cropped-cropped-particulier-2-1.jpg\" width=\"500\" height=\"499\" srcset=\"https:\/\/hypeinevent.fr\/wp-content\/uploads\/2021\/08\/cropped-cropped-particulier-2-1.jpg 998w, https:\/\/hypeinevent.fr\/wp-content\/uploads\/2021\/08\/cropped-cropped-particulier-2-1-300x300.jpg 300w, https:\/\/hypeinevent.fr\/wp-content\/uploads\/2021\/08\/cropped-cropped-particulier-2-1-150x150.jpg 150w, https:\/\/hypeinevent.fr\/wp-content\/uploads\/2021\/08\/cropped-cropped-particulier-2-1-768x766.jpg 768w\" sizes=\"(max-width: 500px) 100vw, 500px\" \/><\/div>\n<div><\/div>\n<\/div>\n<\/div>\n<div class=\"h-text h-text-component style-652 style-local-105-c14 position-relative h-element\" data-colibri-id=\"105-c14\">\n<div class=\"\">\n<p style=\"text-align: center;\">Amour &amp; amiti\u00e9<\/p>\n<\/div>\n<\/div>\n<\/div>\n<\/div>\n<\/div>\n<\/div>\n<\/div>\n<div class=\"h-row-container gutters-row-lg-2 gutters-row-md-2 gutters-row-0 gutters-row-v-lg-2 gutters-row-v-md-2 gutters-row-v-2 style-659 style-local-105-c15 position-relative\" data-colibri-id=\"105-c15\">\n<div class=\"h-row justify-content-lg-center justify-content-md-center justify-content-center align-items-lg-stretch align-items-md-stretch align-items-stretch gutters-col-lg-2 gutters-col-md-2 gutters-col-0 gutters-col-v-lg-2 gutters-col-v-md-2 gutters-col-v-2\">\n<div class=\"h-column h-column-container d-flex h-col-lg-auto h-col-md-auto h-col-auto style-660-outer style-local-105-c16-outer\">\n<div class=\"d-flex h-flex-basis h-column__inner h-px-lg-2 h-px-md-2 h-px-2 v-inner-lg-2 v-inner-md-2 v-inner-2 style-660 style-local-105-c16 position-relative\" data-colibri-id=\"105-c16\">\n<div class=\"w-100 h-y-container h-column__content h-column__v-align flex-basis-100 align-self-lg-start align-self-md-start align-self-start\">\n<div class=\"d-block style-661 style-local-105-c17 position-relative h-element\" data-colibri-id=\"105-c17\">\n<div class=\"h-image__frame-container-outer\">\n<div class=\"h-image__frame-container\">\n<img loading=\"lazy\" class=\"wp-image-928 style-661-image style-local-105-c17-image aligncenter\" src=\"http:\/\/hypeinevent.fr\/wp-content\/uploads\/2021\/08\/cropped-cropped-cropped-particulier-5-1-1.jpg\" width=\"500\" height=\"500\" srcset=\"https:\/\/hypeinevent.fr\/wp-content\/uploads\/2021\/08\/cropped-cropped-cropped-particulier-5-1-1.jpg 996w, https:\/\/hypeinevent.fr\/wp-content\/uploads\/2021\/08\/cropped-cropped-cropped-particulier-5-1-1-300x300.jpg 300w, https:\/\/hypeinevent.fr\/wp-content\/uploads\/2021\/08\/cropped-cropped-cropped-particulier-5-1-1-150x150.jpg 150w, https:\/\/hypeinevent.fr\/wp-content\/uploads\/2021\/08\/cropped-cropped-cropped-particulier-5-1-1-768x768.jpg 768w\" sizes=\"(max-width: 500px) 100vw, 500px\" \/><\/div>\n<\/div>\n<\/div>\n<div class=\"h-text h-text-component style-662 style-local-105-c18 position-relative h-element\" data-colibri-id=\"105-c18\">\n<div class=\"\">\n<p style=\"text-align: center;\">Glamour &amp; chic<\/p>\n<\/div>\n<\/div>\n<\/div>\n<\/div>\n<\/div>\n<\/div>\n<\/div>\n<\/div>\n<\/div>\n<div id=\"custom-3\" class=\"h-section h-section-global-spacing d-flex align-items-lg-center align-items-md-center align-items-center style-653 style-local-105-c19 position-relative\" data-colibri-component=\"section\" data-colibri-id=\"105-c19\">\n<div class=\"h-section-grid-container h-section-boxed-container\">\n<div class=\"h-row-container gutters-row-lg-2 gutters-row-md-2 gutters-row-0 gutters-row-v-lg-2 gutters-row-v-md-2 gutters-row-v-2 style-654 style-local-105-c20 position-relative\" data-colibri-id=\"105-c20\">\n<div class=\"h-row justify-content-lg-center justify-content-md-center justify-content-center align-items-lg-stretch align-items-md-stretch align-items-stretch gutters-col-lg-2 gutters-col-md-2 gutters-col-0 gutters-col-v-lg-2 gutters-col-v-md-2 gutters-col-v-2\">\n<div class=\"h-column h-column-container d-flex h-col-lg-auto h-col-md-auto h-col-auto style-655-outer style-local-105-c21-outer\">\n<div class=\"d-flex h-flex-basis h-column__inner h-ui-empty-state-container h-px-lg-2 h-px-md-2 h-px-2 v-inner-lg-2 v-inner-md-2 v-inner-2 style-655 style-local-105-c21 position-relative\" data-colibri-id=\"105-c21\">\n<div class=\"w-100 h-y-container h-column__content h-column__v-align flex-basis-100\"><\/div>\n<\/div>\n<\/div>\n<\/div>\n<\/div>\n<\/div>\n<\/div>\n<\/div>\n","protected":false},"excerpt":{"rendered":"<p>HypeIn est une agence \u00e9v\u00e9nementielle sp\u00e9cialis\u00e9e dans la mise en sc\u00e8ne artistique et sonore. Nous proposons une large gamme de services pour professionnel et particulier. Chaque \u00e9v\u00e9nement est unique, une \u0153uvre dans laquelle plusieurs artistes s\u2019associent. Nous sommes \u00e0 votre disposition pour vous rencontrer et vous accompagner dans la cr\u00e9ation de vos \u00e9v\u00e9nements. Simplicit\u00e9 &amp; [&hellip;]<\/p>\n","protected":false},"author":1,"featured_media":0,"parent":0,"menu_order":0,"comment_status":"closed","ping_status":"closed","template":"page-templates\/full-width-page.php","meta":[],"_links":{"self":[{"href":"https:\/\/hypeinevent.fr\/index.php\/wp-json\/wp\/v2\/pages\/105"}],"collection":[{"href":"https:\/\/hypeinevent.fr\/index.php\/wp-json\/wp\/v2\/pages"}],"about":[{"href":"https:\/\/hypeinevent.fr\/index.php\/wp-json\/wp\/v2\/types\/page"}],"author":[{"embeddable":true,"href":"https:\/\/hypeinevent.fr\/index.php\/wp-json\/wp\/v2\/users\/1"}],"replies":[{"embeddable":true,"href":"https:\/\/hypeinevent.fr\/index.php\/wp-json\/wp\/v2\/comments?post=105"}],"version-history":[{"count":19,"href":"https:\/\/hypeinevent.fr\/index.php\/wp-json\/wp\/v2\/pages\/105\/revisions"}],"predecessor-version":[{"id":998,"href":"https:\/\/hypeinevent.fr\/index.php\/wp-json\/wp\/v2\/pages\/105\/revisions\/998"}],"wp:attachment":[{"href":"https:\/\/hypeinevent.fr\/index.php\/wp-json\/wp\/v2\/media?parent=105"}],"curies":[{"name":"wp","href":"https:\/\/api.w.org\/{rel}","templated":true}]}}