{"id":213,"date":"2021-08-07T16:28:44","date_gmt":"2021-08-07T14:28:44","guid":{"rendered":"http:\/\/hypeinevent.fr\/index.php\/colibri-wp\/"},"modified":"2022-03-15T11:13:44","modified_gmt":"2022-03-15T10:13:44","slug":"colibri-wp","status":"publish","type":"page","link":"https:\/\/hypeinevent.fr\/","title":{"rendered":"Front Page"},"content":{"rendered":"<div class=\"style-190 style-local-213-c1 position-relative\" data-colibri-id=\"213-c1\">\n<div id=\"custom-5\" class=\"h-section h-section-global-spacing d-flex align-items-lg-center align-items-md-center align-items-center style-405 style-local-213-c2 position-relative\" data-colibri-component=\"section\" data-colibri-id=\"213-c2\">\n<div class=\"h-section-grid-container h-section-boxed-container\">\n<div class=\"h-row-container gutters-row-lg-2 gutters-row-md-2 gutters-row-0 gutters-row-v-lg-2 gutters-row-v-md-2 gutters-row-v-2 style-406 style-local-213-c3 position-relative\" data-colibri-id=\"213-c3\">\n<div class=\"h-row justify-content-lg-center justify-content-md-center justify-content-center align-items-lg-stretch align-items-md-stretch align-items-stretch gutters-col-lg-2 gutters-col-md-2 gutters-col-0 gutters-col-v-lg-2 gutters-col-v-md-2 gutters-col-v-2\">\n<div class=\"h-column h-column-container d-flex h-col-lg-auto h-col-md-auto h-col-auto style-407-outer style-local-213-c4-outer\">\n<div class=\"d-flex h-flex-basis h-column__inner h-px-lg-2 h-px-md-2 h-px-2 v-inner-lg-2 v-inner-md-2 v-inner-2 style-407 style-local-213-c4 position-relative\" data-colibri-id=\"213-c4\">\n<div class=\"w-100 h-y-container h-column__content h-column__v-align flex-basis-100 align-self-lg-center align-self-md-center align-self-center\">\n<div class=\"d-block style-409 style-local-213-c5 position-relative h-element\" data-colibri-id=\"213-c5\">\n<div class=\"h-image__frame-container-outer\">\n<div class=\"h-image__frame-container\">\n<p><img loading=\"lazy\" width=\"1333\" height=\"1334\" class=\"wp-image-335 style-409-image style-local-213-c5-image\" src=\"http:\/\/hypeinevent.fr\/wp-content\/uploads\/2021\/08\/cropped-cropped-cropped-Banniere-HypeIn-blanc-2-3-1-1.jpg\" srcset=\"https:\/\/hypeinevent.fr\/wp-content\/uploads\/2021\/08\/cropped-cropped-cropped-Banniere-HypeIn-blanc-2-3-1-1.jpg 1333w, https:\/\/hypeinevent.fr\/wp-content\/uploads\/2021\/08\/cropped-cropped-cropped-Banniere-HypeIn-blanc-2-3-1-1-300x300.jpg 300w, https:\/\/hypeinevent.fr\/wp-content\/uploads\/2021\/08\/cropped-cropped-cropped-Banniere-HypeIn-blanc-2-3-1-1-1024x1024.jpg 1024w, https:\/\/hypeinevent.fr\/wp-content\/uploads\/2021\/08\/cropped-cropped-cropped-Banniere-HypeIn-blanc-2-3-1-1-150x150.jpg 150w, https:\/\/hypeinevent.fr\/wp-content\/uploads\/2021\/08\/cropped-cropped-cropped-Banniere-HypeIn-blanc-2-3-1-1-768x769.jpg 768w\" sizes=\"(max-width: 1333px) 100vw, 1333px\" \/><\/p>\n<div class=\"h-image__frame h-hide-lg h-hide-md h-hide-sm style-409-frameImage style-local-213-c5-frameImage\"><\/div>\n<\/div>\n<\/div>\n<\/div>\n<div class=\"h-text h-text-component style-410 style-local-213-c6 position-relative h-element\" data-colibri-id=\"213-c6\">\n<div class=\"\">\n<p>\u00a0<span style=\"font-size: 16px; font-family: 'Open Sans'; color: #17252a;\">Un fond blanc simple et \u00e9l\u00e9gant, un hashtag provocant, HypeIn conjugue la cr\u00e9ativit\u00e9 et l&#8217;\u00e9l\u00e9gance pour rendre chaque \u00e9v\u00e9nement unique.<\/span><\/p>\n<\/div>\n<\/div>\n<\/div>\n<\/div>\n<\/div>\n<\/div>\n<\/div>\n<\/div>\n<\/div>\n<div id=\"custom-6\" class=\"h-section h-section-global-spacing d-flex align-items-lg-center align-items-md-center align-items-center style-411 style-local-213-c7 position-relative\" data-colibri-component=\"section\" data-colibri-id=\"213-c7\">\n<div class=\"h-section-grid-container h-section-boxed-container\">\n<div class=\"h-row-container gutters-row-lg-2 gutters-row-md-2 gutters-row-0 gutters-row-v-lg-2 gutters-row-v-md-2 gutters-row-v-2 style-412 style-local-213-c8 position-relative\" data-colibri-id=\"213-c8\">\n<div class=\"h-row justify-content-lg-center justify-content-md-center justify-content-center align-items-lg-stretch align-items-md-stretch align-items-stretch gutters-col-lg-2 gutters-col-md-2 gutters-col-0 gutters-col-v-lg-2 gutters-col-v-md-2 gutters-col-v-2\">\n<div class=\"h-column h-column-container d-flex h-col-lg-auto h-col-md-auto h-col-auto style-413-outer style-local-213-c9-outer\">\n<div class=\"d-flex h-flex-basis h-column__inner h-px-lg-2 h-px-md-2 h-px-2 v-inner-lg-2 v-inner-md-2 v-inner-2 style-413 style-local-213-c9 position-relative\" data-colibri-id=\"213-c9\">\n<div class=\"w-100 h-y-container h-column__content h-column__v-align flex-basis-100 align-self-lg-start align-self-md-start align-self-start\">\n<div class=\"d-block style-414 style-local-213-c10 position-relative h-element\" data-colibri-id=\"213-c10\">\n<div class=\"h-image__frame-container-outer\">\n<div class=\"h-image__frame-container\">\n<p><img loading=\"lazy\" width=\"1334\" height=\"1334\" class=\"wp-image-336 style-414-image style-local-213-c10-image\" src=\"http:\/\/hypeinevent.fr\/wp-content\/uploads\/2021\/08\/cropped-cropped-Banniere-HypeIn-blanc-2-2-1-1.jpg\" srcset=\"https:\/\/hypeinevent.fr\/wp-content\/uploads\/2021\/08\/cropped-cropped-Banniere-HypeIn-blanc-2-2-1-1.jpg 1334w, https:\/\/hypeinevent.fr\/wp-content\/uploads\/2021\/08\/cropped-cropped-Banniere-HypeIn-blanc-2-2-1-1-300x300.jpg 300w, https:\/\/hypeinevent.fr\/wp-content\/uploads\/2021\/08\/cropped-cropped-Banniere-HypeIn-blanc-2-2-1-1-1024x1024.jpg 1024w, https:\/\/hypeinevent.fr\/wp-content\/uploads\/2021\/08\/cropped-cropped-Banniere-HypeIn-blanc-2-2-1-1-150x150.jpg 150w, https:\/\/hypeinevent.fr\/wp-content\/uploads\/2021\/08\/cropped-cropped-Banniere-HypeIn-blanc-2-2-1-1-768x768.jpg 768w\" sizes=\"(max-width: 1334px) 100vw, 1334px\" \/><\/p>\n<div class=\"h-image__frame h-hide-lg h-hide-md h-hide-sm style-414-frameImage style-local-213-c10-frameImage\"><\/div>\n<\/div>\n<\/div>\n<\/div>\n<div class=\"h-text h-text-component style-415 style-local-213-c11 position-relative h-element\" data-colibri-id=\"213-c11\">\n<div class=\"\">\n<p><span style=\"font-size: 16px; font-family: 'Open Sans'; color: #17252a;\">L&#8217;\u00e9v\u00e9nementiel est un art qui \u00e9volue en permanence, nous assurons \u00e0 nos clients des soir\u00e9es innovantes toujours \u00e0 la mode.<\/span><\/p>\n<\/div>\n<\/div>\n<\/div>\n<\/div>\n<\/div>\n<\/div>\n<\/div>\n<\/div>\n<\/div>\n<div id=\"custom-4\" class=\"h-section h-section-global-spacing d-flex align-items-lg-center align-items-md-center align-items-center style-416 style-local-213-c12 position-relative\" data-colibri-component=\"section\" data-colibri-id=\"213-c12\">\n<div class=\"h-section-grid-container h-section-boxed-container\">\n<div class=\"h-row-container gutters-row-lg-2 gutters-row-md-2 gutters-row-0 gutters-row-v-lg-2 gutters-row-v-md-2 gutters-row-v-2 style-417 style-local-213-c13 position-relative\" data-colibri-id=\"213-c13\">\n<div class=\"h-row justify-content-lg-center justify-content-md-center justify-content-center align-items-lg-stretch align-items-md-stretch align-items-stretch gutters-col-lg-2 gutters-col-md-2 gutters-col-0 gutters-col-v-lg-2 gutters-col-v-md-2 gutters-col-v-2\">\n<div class=\"h-column h-column-container d-flex h-col-lg-auto h-col-md-auto h-col-auto style-418-outer style-local-213-c14-outer\">\n<div class=\"d-flex h-flex-basis h-column__inner h-px-lg-2 h-px-md-2 h-px-2 v-inner-lg-2 v-inner-md-2 v-inner-2 style-418 style-local-213-c14 position-relative\" data-colibri-id=\"213-c14\">\n<div class=\"w-100 h-y-container h-column__content h-column__v-align flex-basis-100 align-self-lg-start align-self-md-start align-self-start\">\n<div class=\"d-block style-419 style-local-213-c15 position-relative h-element\" data-colibri-id=\"213-c15\">\n<div class=\"h-image__frame-container-outer\">\n<div class=\"h-image__frame-container\">\n<p><img loading=\"lazy\" width=\"1333\" height=\"1334\" class=\"wp-image-344 style-419-image style-local-213-c15-image\" src=\"http:\/\/hypeinevent.fr\/wp-content\/uploads\/2021\/08\/cropped-cropped-Banniere-HypeIn-blanc-2-1.jpg\" srcset=\"https:\/\/hypeinevent.fr\/wp-content\/uploads\/2021\/08\/cropped-cropped-Banniere-HypeIn-blanc-2-1.jpg 1333w, https:\/\/hypeinevent.fr\/wp-content\/uploads\/2021\/08\/cropped-cropped-Banniere-HypeIn-blanc-2-1-300x300.jpg 300w, https:\/\/hypeinevent.fr\/wp-content\/uploads\/2021\/08\/cropped-cropped-Banniere-HypeIn-blanc-2-1-1024x1024.jpg 1024w, https:\/\/hypeinevent.fr\/wp-content\/uploads\/2021\/08\/cropped-cropped-Banniere-HypeIn-blanc-2-1-150x150.jpg 150w, https:\/\/hypeinevent.fr\/wp-content\/uploads\/2021\/08\/cropped-cropped-Banniere-HypeIn-blanc-2-1-768x769.jpg 768w\" sizes=\"(max-width: 1333px) 100vw, 1333px\" \/><\/p>\n<div class=\"h-image__frame h-hide-lg h-hide-md h-hide-sm style-419-frameImage style-local-213-c15-frameImage\"><\/div>\n<\/div>\n<\/div>\n<\/div>\n<div class=\"h-text h-text-component style-420 style-local-213-c16 position-relative h-element\" data-colibri-id=\"213-c16\">\n<div class=\"\">\n<p><span style=\"font-size: 16px; font-family: 'Open Sans'; color: #17252a;\">HypeIn place l&#8217;amour au centre de ses cr\u00e9ations, chaque \u00e9v\u00e9nement est un moment unique pour faire des rencontres et discuter de ses plus belles passions.<\/span><\/p>\n<\/div>\n<\/div>\n<\/div>\n<\/div>\n<\/div>\n<\/div>\n<\/div>\n<\/div>\n<\/div>\n<div id=\"custom\" class=\"h-section h-section-global-spacing d-flex align-items-lg-center align-items-md-center align-items-center style-544 style-local-213-c17 position-relative\" data-colibri-component=\"section\" data-colibri-id=\"213-c17\">\n<div class=\"h-section-grid-container h-section-boxed-container\">\n<div class=\"h-row-container gutters-row-lg-2 gutters-row-md-2 gutters-row-0 gutters-row-v-lg-2 gutters-row-v-md-2 gutters-row-v-2 style-549 style-local-213-c18 position-relative\" data-colibri-id=\"213-c18\">\n<div class=\"h-row justify-content-lg-center justify-content-md-center justify-content-center align-items-lg-stretch align-items-md-stretch align-items-stretch gutters-col-lg-2 gutters-col-md-2 gutters-col-0 gutters-col-v-lg-2 gutters-col-v-md-2 gutters-col-v-2\">\n<div class=\"h-column h-column-container d-flex h-col-lg-auto h-col-md-auto h-col-auto style-550-outer style-local-213-c19-outer\">\n<div class=\"d-flex h-flex-basis h-column__inner h-px-lg-2 h-px-md-2 h-px-2 v-inner-lg-2 v-inner-md-2 v-inner-2 style-550 style-local-213-c19 position-relative\" data-colibri-id=\"213-c19\">\n<div class=\"w-100 h-y-container h-column__content h-column__v-align flex-basis-100 align-self-lg-start align-self-md-start align-self-start\">\n<div class=\"style-548 style-local-213-c20 position-relative h-element\" data-colibri-id=\"213-c20\">\n<div class=\"d-flex flex-wrap h-social-icons justify-content-lg-center justify-content-md-center justify-content-center\">\n<div class=\"social-icon-container d-inline-flex\">\n<div class=\"icon-container h-social-icon h-global-transition\">\n<div class=\"h-icon-svg\" style=\"width: 100%; height: 100%;\"><!--Icon by Font Awesome (https:\/\/fontawesome.com)--><\/div>\n<\/div>\n<\/div>\n<div class=\"social-icon-container d-inline-flex\">\n<div class=\"icon-container h-social-icon h-global-transition\">\n<div class=\"h-icon-svg\" style=\"width: 100%; height: 100%;\"><!--Icon by Font Awesome (https:\/\/fontawesome.com)--><\/div>\n<\/div>\n<\/div>\n<div class=\"social-icon-container d-inline-flex\">\n<div class=\"icon-container h-social-icon h-global-transition\">\n<div class=\"h-icon-svg\" style=\"width: 100%; height: 100%;\"><!--Icon by Font Awesome (https:\/\/fontawesome.com)--><\/div>\n<\/div>\n<\/div>\n<div class=\"social-icon-container d-inline-flex\">\n<div class=\"icon-container h-social-icon h-global-transition\">\n<div class=\"h-icon-svg\" style=\"width: 100%; height: 100%;\"><!--Icon by Font Awesome (https:\/\/fontawesome.com)--><\/div>\n<\/div>\n<\/div>\n<\/div>\n<\/div>\n<\/div>\n<\/div>\n<\/div>\n<\/div>\n<\/div>\n<\/div>\n<\/div>\n<\/div>\n","protected":false},"excerpt":{"rendered":"<p>\u00a0Un fond blanc simple et \u00e9l\u00e9gant, un hashtag provocant, HypeIn conjugue la cr\u00e9ativit\u00e9 et l&#8217;\u00e9l\u00e9gance pour rendre chaque \u00e9v\u00e9nement unique. L&#8217;\u00e9v\u00e9nementiel est un art qui \u00e9volue en permanence, nous assurons \u00e0 nos clients des soir\u00e9es innovantes toujours \u00e0 la mode. HypeIn place l&#8217;amour au centre de ses cr\u00e9ations, chaque \u00e9v\u00e9nement est un moment unique pour [&hellip;]<\/p>\n","protected":false},"author":1,"featured_media":0,"parent":0,"menu_order":0,"comment_status":"closed","ping_status":"closed","template":"page-templates\/homepage.php","meta":[],"_links":{"self":[{"href":"https:\/\/hypeinevent.fr\/index.php\/wp-json\/wp\/v2\/pages\/213"}],"collection":[{"href":"https:\/\/hypeinevent.fr\/index.php\/wp-json\/wp\/v2\/pages"}],"about":[{"href":"https:\/\/hypeinevent.fr\/index.php\/wp-json\/wp\/v2\/types\/page"}],"author":[{"embeddable":true,"href":"https:\/\/hypeinevent.fr\/index.php\/wp-json\/wp\/v2\/users\/1"}],"replies":[{"embeddable":true,"href":"https:\/\/hypeinevent.fr\/index.php\/wp-json\/wp\/v2\/comments?post=213"}],"version-history":[{"count":21,"href":"https:\/\/hypeinevent.fr\/index.php\/wp-json\/wp\/v2\/pages\/213\/revisions"}],"predecessor-version":[{"id":988,"href":"https:\/\/hypeinevent.fr\/index.php\/wp-json\/wp\/v2\/pages\/213\/revisions\/988"}],"wp:attachment":[{"href":"https:\/\/hypeinevent.fr\/index.php\/wp-json\/wp\/v2\/media?parent=213"}],"curies":[{"name":"wp","href":"https:\/\/api.w.org\/{rel}","templated":true}]}}